{"id":15643,"date":"2024-02-20T13:56:14","date_gmt":"2024-02-20T13:56:14","guid":{"rendered":"https:\/\/cerbaresearch.com\/cirion-a-cerba-research-company-a-quality-approach-works\/"},"modified":"2024-10-28T11:02:05","modified_gmt":"2024-10-28T11:02:05","slug":"cirion-a-cerba-research-company-a-quality-approach-works","status":"publish","type":"page","link":"https:\/\/staging.cerbaresearch.com\/fr\/cirion-a-cerba-research-company-a-quality-approach-works\/","title":{"rendered":"CIRION, A Cerba Research Company: A Quality Approach Works\u00a0"},"content":{"rendered":"<section\n\t\tclass='cb-page-title-banner\n\t\t\tblock\n\t\t\t\n\t\t\tcb-page-title-banner__img-gradient'\n\n\t\tdata-color='white'\n\t>\n\n\t\t\n\n\t\t\n\t\t\n\n\t\t\n\t\t\t<div class=\"cb-page-title-banner__gradient-overlay \">\n\n\t\t\t\t<div class=\"cb-page-title-banner__image cb-page-title-banner__bg-black\" style=\"background-image:url(https:\/\/staging.cerbaresearch.com\/app\/uploads\/2022\/09\/shutterstock_1452180959-1-scaled.jpg)\">\n\t\t\t\t<\/div>\n\n\t\t\t\t<div class=\"cb-page-title-banner__content cb-page-title-banner__text-white\">\n\t\t\t\t\t\n\t\t\t\t\t<div class='cb-text--white cb-page-title-banner__container'>\n\t\n\t\t\t\n\t\t<h2\n\t\t\tclass=' cb-text__title--large '\n\t\t>\n\t\t\tCIRION, A Cerba Research Company: A Quality Approach Works\u00a0\n\t\t<\/h2>\n\n\t\t\t\n\t\n\t<\/div>\n\t\t\t\t\t\n\t\t\t\t<\/div>\n\n\t\t\t<\/div>\n\t\t\n\t\t\n\t\t\n\t\t\n\t\t\t<\/section>\n\t\t\t<div class=\"cb-page-title-banner__breadcrumbs\">\n\t\t\t<div class=\"cb-breadcrumbs\">\n        <nav aria-label=\"Breadcrumb\" class=\"breadcrumb\"><span><span><a href=\"https:\/\/staging.cerbaresearch.com\/fr\/\">Home<\/a><\/span><\/span><\/nav>    <\/div>\n\t\t<\/div>\n\t<div class=\"core-block-wrapper\">\n<h2 class=\"wp-block-heading\">\u00c0 propos de CIRION, Cerba Research Canada<\/h2>\n<\/div><div class=\"core-block-wrapper\">\n<p>CIRION (une entreprise de Cerba Research) est une organisation canadienne hautement reconnue pour ses services int\u00e9gr\u00e9s de bioanalyse et de laboratoire central mondial. Fond\u00e9e en 1994 avec un nombre croissant d&#8217;employ\u00e9s, CIRION dispose d&#8217;une grande installation certifi\u00e9e GLP (35 000 pi\u00b2 ou 3 250 m\u00b2). Plus important encore, CIRION est \u00e9galement accr\u00e9dit\u00e9e CAP et CLIA avec une empreinte de laboratoire central mondial. L&#8217;engagement de CIRION envers la qualit\u00e9 est ax\u00e9 sur la science, et son syst\u00e8me de qualit\u00e9 repose sur un programme d&#8217;am\u00e9lioration dirig\u00e9 par une \u00e9quipe ind\u00e9pendante d&#8217;assurance qualit\u00e9 et de syst\u00e8mes.<\/p>\n<\/div><div class=\"core-block-wrapper\">\n<p>L&#8217;entreprise poss\u00e8de une longue exp\u00e9rience dans le soutien au d\u00e9veloppement de m\u00e9dicaments biologiques et biosimilaires pour les demandes d&#8217;autorisation de mise sur le march\u00e9 aupr\u00e8s de diverses autorit\u00e9s r\u00e9glementaires, telles que, sans s&#8217;y limiter, la FDA, l&#8217;EMA, Sant\u00e9 Canada, ainsi que les autorit\u00e9s japonaises et australiennes (respectivement PMDA et TGA).<\/p>\n<\/div><div class=\"core-block-wrapper\">\n<figure class=\"wp-block-image aligncenter size-full is-resized\"><img loading=\"lazy\" decoding=\"async\" width=\"994\" height=\"687\" src=\"https:\/\/cerbaresearch.com\/app\/uploads\/2024\/04\/1711644079457-2.jpg\" alt=\"\" class=\"wp-image-12024\" style=\"width:609px;height:auto\" srcset=\"https:\/\/staging.cerbaresearch.com\/app\/uploads\/2024\/04\/1711644079457-2.jpg 994w, https:\/\/staging.cerbaresearch.com\/app\/uploads\/2024\/04\/1711644079457-2-300x207.jpg 300w, https:\/\/staging.cerbaresearch.com\/app\/uploads\/2024\/04\/1711644079457-2-768x531.jpg 768w\" sizes=\"(max-width: 994px) 100vw, 994px\" \/><\/figure>\n<\/div><div class=\"core-block-wrapper\">\n<p>CIRION jouit d\u00e9j\u00e0 d&#8217;une solide r\u00e9putation, comme en t\u00e9moigne le haut niveau de fid\u00e9lisation de nos clients existants et des experts dans le domaine de la bioanalyse. De plus, notre approche rigoureuse de la qualit\u00e9 est d\u00e9montr\u00e9e par le succ\u00e8s de nos audits men\u00e9s au fil des ans par de nombreux clients et agences r\u00e9glementaires.<\/p>\n<\/div><div class=\"core-block-wrapper\">\n<p>Les principales accr\u00e9ditations de CIRION sont les suivantes :<\/p>\n<\/div><div class=\"core-block-wrapper\">\n<ul class=\"wp-block-list\">\n<li>College of American Pathologists (CAP).<\/li>\n\n\n\n<li>Accr\u00e9ditation des Clinical Laboratory Improvement Amendments (CLIA) aux \u00c9tats-Unis (CLIA #99D2079197).<\/li>\n\n\n\n<li>Permis et licences suppl\u00e9mentaires de laboratoire clinique d\u00e9livr\u00e9s par le Maryland, New York, la Pennsylvanie, la Californie et le Rhode Island.<\/li>\n\n\n\n<li>Certifi\u00e9 BPL : Conseil canadien des normes (CCN), l&#8217;autorit\u00e9 de surveillance canadienne pour l&#8217;OCDE.<\/li>\n\n\n\n<li>Programme de standardisation des lipides pour le Center for Disease Control (LPS CDC).<\/li>\n\n\n\n<li>Certification de niveau 1 NGSP HbA1c : Programme national de standardisation de la glycoh\u00e9moglobine.<\/li>\n<\/ul>\n<\/div><div class=\"core-block-wrapper\">\n<figure class=\"wp-block-image aligncenter size-full\"><img loading=\"lazy\" decoding=\"async\" width=\"791\" height=\"195\" src=\"https:\/\/cerbaresearch.com\/app\/uploads\/2024\/02\/A-close-up-of-a-logo__Description-automatically-generated.png\" alt=\"\" class=\"wp-image-11722\" srcset=\"https:\/\/staging.cerbaresearch.com\/app\/uploads\/2024\/02\/A-close-up-of-a-logo__Description-automatically-generated.png 791w, https:\/\/staging.cerbaresearch.com\/app\/uploads\/2024\/02\/A-close-up-of-a-logo__Description-automatically-generated-300x74.png 300w, https:\/\/staging.cerbaresearch.com\/app\/uploads\/2024\/02\/A-close-up-of-a-logo__Description-automatically-generated-768x189.png 768w\" sizes=\"(max-width: 791px) 100vw, 791px\" \/><\/figure>\n<\/div><section class=\"cb_cta_white_bd\">\n    \t<div class=\"csb-dcta-with-image__content-wrapper cb-cards__container\">\n    <div class=\"cbd_left_btn\">\n        \t\t\t\t\t\t<a\n\t\t\t\t\t\tclass=\"cb-cta-with-image__link\"\n\t\t\t\t\t\thref=https:\/\/cerbaresearch.com\/contact-us\/\n\t\t\t\t\t>Contact Us<\/a>\n\t\t\t\t    <\/div>\n    \n    <div class=\"cbd_right_text\">\n        \t\t\t\t\t\t<p class=\"cb-cta-with-image__body\"><p>Reach out to our experts and discover how we can help you transform your research and advance health!<\/p>\n<\/p>\n\t\t\t\t    <\/div>\n    <\/div>\n<\/section>\n\t\n\t\t<style>\n      .cb-cta-with-image__image .cb-image > img {\n        width: 100%;\n       height:20rem !important;\n        border-radius: 0px;\n    }\n<\/style>\n","protected":false},"excerpt":{"rendered":"<p>\u00c0 propos de CIRION, Cerba Research Canada CIRION (une entreprise de Cerba&hellip;<\/p>\n","protected":false},"author":14,"featured_media":0,"parent":0,"menu_order":0,"comment_status":"closed","ping_status":"closed","template":"","meta":{"_acf_changed":false,"footnotes":""},"class_list":["post-15643","page","type-page","status-publish","hentry"],"acf":[],"yoast_head":"<!-- This site is optimized with the Yoast SEO plugin v23.3 - https:\/\/yoast.com\/wordpress\/plugins\/seo\/ -->\n<title>CIRION : Une entreprise de Cerba Research | Contactez-nous d\u00e8s aujourd&#039;hui<\/title>\n<meta name=\"description\" content=\"CIRION est une organisation canadienne hautement reconnue pour ses services de bioanalyse et de laboratoire central mondial. D\u00e9couvrez nos capacit\u00e9s.\" \/>\n<meta name=\"robots\" content=\"noindex, follow, max-snippet:-1, max-image-preview:large, max-video-preview:-1\" \/>\n<meta property=\"og:locale\" content=\"fr_FR\" \/>\n<meta property=\"og:type\" content=\"article\" \/>\n<meta property=\"og:title\" content=\"CIRION : Une entreprise de Cerba Research | Contactez-nous d\u00e8s aujourd&#039;hui\" \/>\n<meta property=\"og:description\" content=\"CIRION est une organisation canadienne hautement reconnue pour ses services de bioanalyse et de laboratoire central mondial. D\u00e9couvrez nos capacit\u00e9s.\" \/>\n<meta property=\"og:url\" content=\"https:\/\/staging.cerbaresearch.com\/fr\/cirion-a-cerba-research-company-a-quality-approach-works\/\" \/>\n<meta property=\"og:site_name\" content=\"Cerba Research\" \/>\n<meta property=\"article:modified_time\" content=\"2024-10-28T11:02:05+00:00\" \/>\n<meta property=\"og:image\" content=\"https:\/\/cerbaresearch.com\/app\/uploads\/2024\/04\/1711644079457-2.jpg\" \/>\n<meta name=\"twitter:card\" content=\"summary_large_image\" \/>\n<meta name=\"twitter:label1\" content=\"Est. reading time\" \/>\n\t<meta name=\"twitter:data1\" content=\"2 minutes\" \/>\n<script type=\"application\/ld+json\" class=\"yoast-schema-graph\">{\"@context\":\"https:\/\/schema.org\",\"@graph\":[{\"@type\":\"WebPage\",\"@id\":\"https:\/\/staging.cerbaresearch.com\/fr\/cirion-a-cerba-research-company-a-quality-approach-works\/\",\"url\":\"https:\/\/staging.cerbaresearch.com\/fr\/cirion-a-cerba-research-company-a-quality-approach-works\/\",\"name\":\"CIRION : Une entreprise de Cerba Research | Contactez-nous d\u00e8s aujourd'hui\",\"isPartOf\":{\"@id\":\"https:\/\/staging.cerbaresearch.com\/#website\"},\"primaryImageOfPage\":{\"@id\":\"https:\/\/staging.cerbaresearch.com\/fr\/cirion-a-cerba-research-company-a-quality-approach-works\/#primaryimage\"},\"image\":{\"@id\":\"https:\/\/staging.cerbaresearch.com\/fr\/cirion-a-cerba-research-company-a-quality-approach-works\/#primaryimage\"},\"thumbnailUrl\":\"https:\/\/cerbaresearch.com\/app\/uploads\/2024\/04\/1711644079457-2.jpg\",\"datePublished\":\"2024-02-20T13:56:14+00:00\",\"dateModified\":\"2024-10-28T11:02:05+00:00\",\"description\":\"CIRION est une organisation canadienne hautement reconnue pour ses services de bioanalyse et de laboratoire central mondial. D\u00e9couvrez nos capacit\u00e9s.\",\"breadcrumb\":{\"@id\":\"https:\/\/staging.cerbaresearch.com\/fr\/cirion-a-cerba-research-company-a-quality-approach-works\/#breadcrumb\"},\"inLanguage\":\"fr-FR\",\"potentialAction\":[{\"@type\":\"ReadAction\",\"target\":[\"https:\/\/staging.cerbaresearch.com\/fr\/cirion-a-cerba-research-company-a-quality-approach-works\/\"]}]},{\"@type\":\"ImageObject\",\"inLanguage\":\"fr-FR\",\"@id\":\"https:\/\/staging.cerbaresearch.com\/fr\/cirion-a-cerba-research-company-a-quality-approach-works\/#primaryimage\",\"url\":\"https:\/\/cerbaresearch.com\/app\/uploads\/2024\/04\/1711644079457-2.jpg\",\"contentUrl\":\"https:\/\/cerbaresearch.com\/app\/uploads\/2024\/04\/1711644079457-2.jpg\"},{\"@type\":\"BreadcrumbList\",\"@id\":\"https:\/\/staging.cerbaresearch.com\/fr\/cirion-a-cerba-research-company-a-quality-approach-works\/#breadcrumb\",\"itemListElement\":[{\"@type\":\"ListItem\",\"position\":1,\"name\":\"Home\",\"item\":\"https:\/\/staging.cerbaresearch.com\/fr\/\"},{\"@type\":\"ListItem\",\"position\":2,\"name\":\"CIRION, A Cerba Research Company: A Quality Approach Works\u00a0\"}]},{\"@type\":\"WebSite\",\"@id\":\"https:\/\/staging.cerbaresearch.com\/#website\",\"url\":\"https:\/\/staging.cerbaresearch.com\/\",\"name\":\"Cerba Research\",\"description\":\"Cerba Research\",\"potentialAction\":[{\"@type\":\"SearchAction\",\"target\":{\"@type\":\"EntryPoint\",\"urlTemplate\":\"https:\/\/staging.cerbaresearch.com\/?s={search_term_string}\"},\"query-input\":\"required name=search_term_string\"}],\"inLanguage\":\"fr-FR\"}]}<\/script>\n<!-- \/ Yoast SEO plugin. -->","yoast_head_json":{"title":"CIRION : Une entreprise de Cerba Research | Contactez-nous d\u00e8s aujourd'hui","description":"CIRION est une organisation canadienne hautement reconnue pour ses services de bioanalyse et de laboratoire central mondial. D\u00e9couvrez nos capacit\u00e9s.","robots":{"index":"noindex","follow":"follow","max-snippet":"max-snippet:-1","max-image-preview":"max-image-preview:large","max-video-preview":"max-video-preview:-1"},"og_locale":"fr_FR","og_type":"article","og_title":"CIRION : Une entreprise de Cerba Research | Contactez-nous d\u00e8s aujourd'hui","og_description":"CIRION est une organisation canadienne hautement reconnue pour ses services de bioanalyse et de laboratoire central mondial. D\u00e9couvrez nos capacit\u00e9s.","og_url":"https:\/\/staging.cerbaresearch.com\/fr\/cirion-a-cerba-research-company-a-quality-approach-works\/","og_site_name":"Cerba Research","article_modified_time":"2024-10-28T11:02:05+00:00","og_image":[{"url":"https:\/\/cerbaresearch.com\/app\/uploads\/2024\/04\/1711644079457-2.jpg"}],"twitter_card":"summary_large_image","twitter_misc":{"Est. reading time":"2 minutes"},"schema":{"@context":"https:\/\/schema.org","@graph":[{"@type":"WebPage","@id":"https:\/\/staging.cerbaresearch.com\/fr\/cirion-a-cerba-research-company-a-quality-approach-works\/","url":"https:\/\/staging.cerbaresearch.com\/fr\/cirion-a-cerba-research-company-a-quality-approach-works\/","name":"CIRION : Une entreprise de Cerba Research | Contactez-nous d\u00e8s aujourd'hui","isPartOf":{"@id":"https:\/\/staging.cerbaresearch.com\/#website"},"primaryImageOfPage":{"@id":"https:\/\/staging.cerbaresearch.com\/fr\/cirion-a-cerba-research-company-a-quality-approach-works\/#primaryimage"},"image":{"@id":"https:\/\/staging.cerbaresearch.com\/fr\/cirion-a-cerba-research-company-a-quality-approach-works\/#primaryimage"},"thumbnailUrl":"https:\/\/cerbaresearch.com\/app\/uploads\/2024\/04\/1711644079457-2.jpg","datePublished":"2024-02-20T13:56:14+00:00","dateModified":"2024-10-28T11:02:05+00:00","description":"CIRION est une organisation canadienne hautement reconnue pour ses services de bioanalyse et de laboratoire central mondial. D\u00e9couvrez nos capacit\u00e9s.","breadcrumb":{"@id":"https:\/\/staging.cerbaresearch.com\/fr\/cirion-a-cerba-research-company-a-quality-approach-works\/#breadcrumb"},"inLanguage":"fr-FR","potentialAction":[{"@type":"ReadAction","target":["https:\/\/staging.cerbaresearch.com\/fr\/cirion-a-cerba-research-company-a-quality-approach-works\/"]}]},{"@type":"ImageObject","inLanguage":"fr-FR","@id":"https:\/\/staging.cerbaresearch.com\/fr\/cirion-a-cerba-research-company-a-quality-approach-works\/#primaryimage","url":"https:\/\/cerbaresearch.com\/app\/uploads\/2024\/04\/1711644079457-2.jpg","contentUrl":"https:\/\/cerbaresearch.com\/app\/uploads\/2024\/04\/1711644079457-2.jpg"},{"@type":"BreadcrumbList","@id":"https:\/\/staging.cerbaresearch.com\/fr\/cirion-a-cerba-research-company-a-quality-approach-works\/#breadcrumb","itemListElement":[{"@type":"ListItem","position":1,"name":"Home","item":"https:\/\/staging.cerbaresearch.com\/fr\/"},{"@type":"ListItem","position":2,"name":"CIRION, A Cerba Research Company: A Quality Approach Works\u00a0"}]},{"@type":"WebSite","@id":"https:\/\/staging.cerbaresearch.com\/#website","url":"https:\/\/staging.cerbaresearch.com\/","name":"Cerba Research","description":"Cerba Research","potentialAction":[{"@type":"SearchAction","target":{"@type":"EntryPoint","urlTemplate":"https:\/\/staging.cerbaresearch.com\/?s={search_term_string}"},"query-input":"required name=search_term_string"}],"inLanguage":"fr-FR"}]}},"_links":{"self":[{"href":"https:\/\/staging.cerbaresearch.com\/fr\/wp-json\/wp\/v2\/pages\/15643"}],"collection":[{"href":"https:\/\/staging.cerbaresearch.com\/fr\/wp-json\/wp\/v2\/pages"}],"about":[{"href":"https:\/\/staging.cerbaresearch.com\/fr\/wp-json\/wp\/v2\/types\/page"}],"author":[{"embeddable":true,"href":"https:\/\/staging.cerbaresearch.com\/fr\/wp-json\/wp\/v2\/users\/14"}],"replies":[{"embeddable":true,"href":"https:\/\/staging.cerbaresearch.com\/fr\/wp-json\/wp\/v2\/comments?post=15643"}],"version-history":[{"count":3,"href":"https:\/\/staging.cerbaresearch.com\/fr\/wp-json\/wp\/v2\/pages\/15643\/revisions"}],"predecessor-version":[{"id":15646,"href":"https:\/\/staging.cerbaresearch.com\/fr\/wp-json\/wp\/v2\/pages\/15643\/revisions\/15646"}],"wp:attachment":[{"href":"https:\/\/staging.cerbaresearch.com\/fr\/wp-json\/wp\/v2\/media?parent=15643"}],"curies":[{"name":"wp","href":"https:\/\/api.w.org\/{rel}","templated":true}]}}